{"id":50117,"date":"2014-02-07T16:29:01","date_gmt":"2014-02-07T15:29:01","guid":{"rendered":"http:\/\/demo.themegrill.com\/radiate\/?page_id=2"},"modified":"2020-01-10T22:04:07","modified_gmt":"2020-01-10T21:04:07","slug":"qui-suis-je-old","status":"publish","type":"page","link":"https:\/\/francoisecauwel.com\/index.php\/qui-suis-je-old\/","title":{"rendered":"Qui suis-je-OLD"},"content":{"rendered":"\n<h2><strong>Bonjour, je suis Fran\u00e7oise Cauwel<\/strong><\/h2>\n\n\n<p>N\u00e9e en 1966, originaire de LILLE, Architecte DPLG de profession, je suis entr\u00e9e dans l\u2019\u00e9ducation nationale en 1996. Je suis mari\u00e9e et maman de 3 enfants. Entre 2005 et 2014, j\u2019ai \u00e9t\u00e9 adjointe \u00e0 la culture \u00e0 Fr\u00e9jus. Et Conseill\u00e8re G\u00e9n\u00e9rale du VAR. Je suis aujourd\u2019hui \u00e0 la t\u00eate d\u2019une entreprise mettant en \u0153uvre des \u00e9v\u00e9nements culturels dans le monde \u00e9conomique : \u00ab\u00a0La Fanfare Culture\u00a0\u00bb.<\/p>\n<blockquote>\n<p>J\u2019ai cr\u00e9\u00e9 de nombreux festivals, des \u00e9v\u00e9nements insolites. J\u2019ai encourag\u00e9 du mieux que j\u2019ai pu la culture vivante \u00e9mergente, intelligente t cr\u00e9e des liens entre des mondes \u00e9loign\u00e9es : l\u2019entreprise et la culture . je crois aux talents , dans tous les domaines et au gouvernement de comp\u00e9tences en politique.<\/p>\n<\/blockquote>\n<p><strong>Et puis 2014,j\u2019ai v\u00e9cu et ait \u00e9t\u00e9 victime collat\u00e9rale de la division de la droite locale, les \u00e9gos, l\u2019\u00e9chec\u2026<\/strong><\/p>\n<p>Le Front National prend le pouvoir a pris le pouvoir dans ma jolie ville de Fr\u00e9jus. Je pars au combat. Pour favoriser le rassemblement des forces r\u00e9publicaines, j\u2019adh\u00e8re \u00e0 l\u2019UMP, devenue Les R\u00e9publicains ensuite.<\/p>\n<p><strong>En 2016, je suis insult\u00e9e publiquement au conseil municipal<\/strong><\/p>\n<blockquote>\n<p>J\u2019ai port\u00e9 plainte pour injure publique contre David Rachline , S\u00e9nateur du VAR pour expliquer \u00e0 la France enti\u00e8re la situation de Fr\u00e9jus, laboratoire du FN, j\u2019 ai \u00e9cris le Manifeste pour FREJUS, un plaidoyer pour d\u00e9fendre notre ville et ses valeurs.<\/p>\n<\/blockquote>\n<p>Ce cri d\u2019alarme est relay\u00e9 par \u00ab L\u2019Appel pour Fr\u00e9jus \u00bb lanc\u00e9 dans le journal LE MONDE par un collectif d\u2019une trentaine d\u2019artistes d\u2019audience nationale : Charles BERLING, Jean-Claude Dreyfus, Rapha\u00ebl Imbert, Dominique Bluzet, Macha Makeieff, Olivier Roller, Bernard Foucroulle, Patrick Pelloux, Andrea Ferr\u00e9ol, Fran\u00e7ois Morel, Elsa Zylberstein, etc \u2026<\/p>\n<p>Opposante majeure \u00e0 David Rachline \u00e0 Fr\u00e9jus, ces d\u00e9m\u00eal\u00e9s ont suscit\u00e9s 25 reportages par des m\u00e9dias fran\u00e7ais et \u00e9trangers.<\/p>\n<p><strong>Je suis aussi Pr\u00e9sidente d\u2019un Mouvement citoyen que j\u2019ai cr\u00e9e en 2015 : \u00ab\u00a0 L\u2019\u00e9thique plut\u00f4t que l\u2019\u00e9tiquette \u00bb\u00a0 ainsi qu&rsquo;auteure de la \u00ab Charte pour une \u00c9thique en Politique \u00bb avec ses 12 th\u00e9matiques fortes.<\/strong><\/p>\n<p class=\"plain\">J\u2019ai \u00e9t\u00e9 \u00e9t\u00e9 d\u00e9l\u00e9gu\u00e9e pour la campagne de Bruno Le Maire aux primaires de la droite et du centre.<\/p>\n<p class=\"plain\">J\u2019ai ensuite soutenu Alain Jupp\u00e9 contre Fran\u00e7ois FILLON.\u00a0<\/p>\n<p class=\"plain\">J\u2019ai adh\u00e9r\u00e9 en tant que citoyenne au\u00a0 mouvement\u00a0 En marche en Novembre 2016 \u00a0<\/p>\n<p class=\"plain\"><strong>J\u2019ai \u00e9crit un livre sur mon parcours de femme politique pr\u00e9fac\u00e9 par Charles Berling\u00a0 : \u00ab Occupez-vous de vos fesses \u00bb (juin 2017)<\/strong><\/p>\n<h2 class=\"plain\"><strong>Revenue \u00e0 Aix en Provence\u00a0depuis 2016\u00a0sur les traces de mon enfance&#8230;<\/strong><\/h2>\n<p>Je me suis tr\u00e8s vite impliqu\u00e9e au niveau culturel et citoyen dans cette ville d\u2019Aix que j\u2019aime immens\u00e9ment : comit\u00e9 d\u2019int\u00e9r\u00eat de quartier, pr\u00e9sidente d\u2019association, acteur membres de clubs service organisation d\u2019\u00e9v\u00e9nements associatifs et animatrice de comit\u00e9s. J\u2019ai retrouv\u00e9 la maison de mon enfance, et je me suis install\u00e9e dans un nouvel univers qui m\u2019a re-donn\u00e9 joie de vivre et optimisme.<\/p>\n<p>Je suis chef aixoise de file du parti AGIR , cr\u00e9e par Franck RESTER , Ministre de la Culture.<\/p>\n<p>Et si je vous disais que je souhaite pour ma ville la voie du bon sens et que je n\u2019oeuvre que pour l\u2019int\u00e9r\u00eat g\u00e9n\u00e9ral ?<\/p>\n<p>On n\u2019 a jamais 2 bonnes occasions de faire une bonne premi\u00e8re impression<\/p>\n<p>Voici une pr\u00e9sentation rapide de parcours de femme\u2026<\/p>\n<h2><strong>Vous avez envie d\u2019en savoir plus ?\u2026<\/strong><\/h2>\n<p>Feuilletez donc ce site, mes pages facebook, mes livres et venez avec moi vous promenez \u00e0 Aix en Provence. Je resterai toujours la m\u00eame : Pas toujours politiquement correct mais humainement et inlassablement \u00e9thique.<\/p>\n<p>\u00a0<\/p>\n\n\n<figure class=\"wp-block-pullquote\"><blockquote><p> <em>\u00ab\u00a0Dans la vie il n&rsquo;y a pas de solutions, il y a des forces en marche. Il faut les cr\u00e9er et les solutions suivent\u00a0\u00bb<\/em> <\/p><cite>  <em>Antoine de St Exup\u00e9ry, Terre des Hommes<\/em>  <\/cite><\/blockquote><\/figure>\n\n\n\n<hr class=\"wp-block-separator\"\/>\n\n\n\n<h3><strong>Une envie d&rsquo;\u00e9thique \u00e0 Aix-en-Provence, avec la proximit\u00e9 au coeur ?<\/strong><\/h3>\n\n\n\n<p>D\u00e9couvrez ce mouvement politique et citoyen en plein croissance qu&rsquo;est <strong>\u00ab\u00a0 L\u2019\u00e9thique plut\u00f4t que l\u2019\u00e9tiquette \u00bb<\/strong> en signant simplement  <strong>la \u00ab Charte pour une \u00c9thique en Politique \u00bb<\/strong> avec ses 12 th\u00e9matiques fortes. <\/p>\n\n\n\n<p>Pour en savoir plus et d\u00e9couvrir par exemple la Charte de l&rsquo;Ethique plut\u00f4t que l&rsquo;Etiquette, Cliquez ICI<\/p>\n\n\n\n<p>Rejoignez le mouvement (c&rsquo;est gratuit !) et <a href=\"http:\/\/www.lethiqueplutotqueletiquette.com\/adherer-au-mouvement\" target=\"_blank\" rel=\"noopener noreferrer\">Adh\u00e9rez en cliquant ICI.<\/a><\/p>\n\n\n\n<h3><strong>Et si vous rejoigniez aussi le Comit\u00e9 de Confiance soutenant mon action ?<\/strong><\/h3>\n\n\n\n<p>Mon \u00e9quipe et moi vous invitons \u00e0 rejoindre le <span style=\"text-decoration: underline;\">Comit\u00e9 de confiance \u00e0 Fran\u00e7oise CAUWEL<\/span> pour r\u00e9inventer les pratiques politiques et les rendre \u00e9thiques et profond\u00e9ment citoyennes et humaines. <\/p>\n\n\n\n<p>Pour en savoir plus ou pour signer <a href=\"https:\/\/www.change.org\/p\/comit%C3%A9-de-confiance-fran%C3%A7oise-cauwel?recruiter=76314397&amp;utm_source=share_petition&amp;utm_medium=copylink&amp;utm_campaign=share_petition\">c&rsquo;est ICI<\/a>.<\/p>\n\n\n\n<p><\/p>\n","protected":false},"excerpt":{"rendered":"<p>Bonjour, je suis Fran\u00e7oise Cauwel N\u00e9e en 1966, originaire de LILLE, Architecte DPLG de profession, je suis entr\u00e9e dans l\u2019\u00e9ducation nationale en 1996. Je suis mari\u00e9e et maman de 3 enfants. Entre 2005 et 2014, j\u2019ai \u00e9t\u00e9 adjointe \u00e0 la culture \u00e0 Fr\u00e9jus. Et Conseill\u00e8re G\u00e9n\u00e9rale du VAR. Je suis aujourd\u2019hui \u00e0 la t\u00eate d\u2019une [&hellip;]<\/p>\n","protected":false},"author":1,"featured_media":50142,"parent":0,"menu_order":0,"comment_status":"closed","ping_status":"closed","template":"","meta":{"_et_pb_use_builder":"","_et_pb_old_content":"","_et_gb_content_width":""},"_links":{"self":[{"href":"https:\/\/francoisecauwel.com\/index.php\/wp-json\/wp\/v2\/pages\/50117"}],"collection":[{"href":"https:\/\/francoisecauwel.com\/index.php\/wp-json\/wp\/v2\/pages"}],"about":[{"href":"https:\/\/francoisecauwel.com\/index.php\/wp-json\/wp\/v2\/types\/page"}],"author":[{"embeddable":true,"href":"https:\/\/francoisecauwel.com\/index.php\/wp-json\/wp\/v2\/users\/1"}],"replies":[{"embeddable":true,"href":"https:\/\/francoisecauwel.com\/index.php\/wp-json\/wp\/v2\/comments?post=50117"}],"version-history":[{"count":0,"href":"https:\/\/francoisecauwel.com\/index.php\/wp-json\/wp\/v2\/pages\/50117\/revisions"}],"wp:featuredmedia":[{"embeddable":true,"href":"https:\/\/francoisecauwel.com\/index.php\/wp-json\/wp\/v2\/media\/50142"}],"wp:attachment":[{"href":"https:\/\/francoisecauwel.com\/index.php\/wp-json\/wp\/v2\/media?parent=50117"}],"curies":[{"name":"wp","href":"https:\/\/api.w.org\/{rel}","templated":true}]}}