{"id":50164,"date":"2020-01-08T09:52:56","date_gmt":"2020-01-08T08:52:56","guid":{"rendered":"https:\/\/francoisecauwel.com\/?page_id=50164"},"modified":"2020-02-12T01:30:06","modified_gmt":"2020-02-12T00:30:06","slug":"participez-a-nos-actions","status":"publish","type":"page","link":"https:\/\/francoisecauwel.com\/index.php\/participez-a-nos-actions\/","title":{"rendered":"Participez \u00e0 nos actions"},"content":{"rendered":"[et_pb_section fb_built=\u00a0\u00bb1&Prime; admin_label=\u00a0\u00bbPage Title Section\u00a0\u00bb _builder_version=\u00a0\u00bb3.22&Prime; use_background_color_gradient=\u00a0\u00bbon\u00a0\u00bb background_color_gradient_start=\u00a0\u00bb#6b73ff\u00a0\u00bb background_color_gradient_end=\u00a0\u00bb#000dff\u00a0\u00bb background_color_gradient_direction=\u00a0\u00bb100deg\u00a0\u00bb background_image=\u00a0\u00bbhttps:\/\/francoisecauwel.com\/wp-content\/uploads\/2020\/01\/section-bg-triangle-right2.png\u00a0\u00bb custom_padding=\u00a0\u00bb50px||50px|||\u00a0\u00bb][et_pb_row admin_label=\u00a0\u00bbPage Title Area\u00a0\u00bb _builder_version=\u00a0\u00bb3.25&Prime; background_size=\u00a0\u00bbinitial\u00a0\u00bb background_position=\u00a0\u00bbtop_left\u00a0\u00bb background_repeat=\u00a0\u00bbrepeat\u00a0\u00bb][et_pb_column type=\u00a0\u00bb4_4&Prime; _builder_version=\u00a0\u00bb3.25&Prime; custom_padding=\u00a0\u00bb|||\u00a0\u00bb custom_padding__hover=\u00a0\u00bb|||\u00a0\u00bb][et_pb_text admin_label=\u00a0\u00bbTitle\u00a0\u00bb _builder_version=\u00a0\u00bb3.27.4&Prime; text_font=\u00a0\u00bbPoppins||||||||\u00a0\u00bb text_font_size=\u00a0\u00bb18px\u00a0\u00bb text_line_height=\u00a0\u00bb1.8em\u00a0\u00bb header_font=\u00a0\u00bbPoppins|600|||||||\u00a0\u00bb header_font_size=\u00a0\u00bb48px\u00a0\u00bb header_line_height=\u00a0\u00bb1.4em\u00a0\u00bb header_2_font=\u00a0\u00bb||||||||\u00a0\u00bb text_orientation=\u00a0\u00bbcenter\u00a0\u00bb background_layout=\u00a0\u00bbdark\u00a0\u00bb max_width=\u00a0\u00bb700px\u00a0\u00bb module_alignment=\u00a0\u00bbcenter\u00a0\u00bb custom_margin=\u00a0\u00bb|||\u00a0\u00bb animation_style=\u00a0\u00bbfade\u00a0\u00bb]<h1>Participez \u00e0 nos Actions<\/h1>\n<p>Seul l&rsquo;homme n&rsquo;est rien. Joignons nos forces, conjuguons nos id\u00e9es pour que notre action commune soit r\u00e9ellement porteuse de sens.<\/p>[\/et_pb_text][\/et_pb_column][\/et_pb_row][\/et_pb_section][et_pb_section fb_built=\u00a0\u00bb1&Prime; _builder_version=\u00a0\u00bb4.1&Prime;][et_pb_row _builder_version=\u00a0\u00bb4.1&Prime;][et_pb_column type=\u00a0\u00bb4_4&Prime; _builder_version=\u00a0\u00bb4.1&Prime;][et_pb_text admin_label=\u00a0\u00bbText\u00a0\u00bb _builder_version=\u00a0\u00bb3.27.4&Prime; background_size=\u00a0\u00bbinitial\u00a0\u00bb background_position=\u00a0\u00bbtop_left\u00a0\u00bb background_repeat=\u00a0\u00bbrepeat\u00a0\u00bb]\n<p>Et si vous deveniez acteur de votre ville, de votre pays, de votre vie ? Comme moi lorsque j&rsquo;ai fait le choix, bien que m\u00e8re de famille combl\u00e9e et architecte de m\u00e9tier, d&#8217;embrasser le d\u00e9bat d&rsquo;id\u00e9es et de projets&#8230;<\/p>\n\n\n\n<p><strong>Vous pouvez agir, participer et m\u00eame m&rsquo;aider de nombreuses fa\u00e7ons.<\/strong><\/p>\n\n\n\n<h2><strong>Rejoignez mon Comit\u00e9 de Confiance <\/strong><\/h2>\n\n\n\n<p><strong>Rejoignez mon Comit\u00e9 de Confiance et t\u00e9moignez de votre soutien pour mon action citoyenne et politique au quotidien<\/strong><\/p>\n\n\n\n<h2><strong>Rejoignez \u00ab\u00a0l&rsquo;\u00e9thique plut\u00f4t que l&rsquo;\u00e9tiquette\u00a0\u00bb<\/strong><\/h2>\n\n\n\n<p><strong>Rejoignez le mouvement \u00ab\u00a0l&rsquo;\u00e9thique plut\u00f4t que l&rsquo;\u00e9tiquette\u00a0\u00bb <\/strong>que j&rsquo;ai cr\u00e9\u00e9 en 2015 et qui compte aujourd&rsquo;hui plus de 2400 membres dans l&rsquo;Europe enti\u00e8re.<\/p>\n\n\n\n<p>Pour en savoir plus, c&rsquo;est ICI.<\/p>\n\n\n\n<p>Et pour adh\u00e9rer (gratuitement), <a rel=\"noreferrer noopener\" aria-label=\"c'est par LA (s\u2019ouvre dans un nouvel onglet)\" href=\"http:\/\/www.lethiqueplutotqueletiquette.com\/adherer-au-mouvement\" target=\"_blank\">c&rsquo;est par LA<\/a>.<\/p>\n\n\n\n<p>Et enfin, vous pouvez m\u00eame nous aider en vous habillant de beau en achetant nos goodies sur <a href=\"#\" target=\"_blank\" rel=\"noreferrer noopener\" aria-label=\"la boutique &quot;l'\u00e9thique plut\u00f4t que l'\u00e9tiquette&quot; (s\u2019ouvre dans un nouvel onglet)\">la boutique \u00ab\u00a0l&rsquo;\u00e9thique plut\u00f4t que l&rsquo;\u00e9tiquette\u00a0\u00bb<\/a> (EN COURS DE CREATION).<\/p>\n[\/et_pb_text][\/et_pb_column][\/et_pb_row][\/et_pb_section][et_pb_section fb_built=\u00a0\u00bb1&Prime; admin_label=\u00a0\u00bbBlog Section\u00a0\u00bb _builder_version=\u00a0\u00bb3.22&Prime; background_color=\u00a0\u00bb#f7f7f7&Prime; background_image=\u00a0\u00bbhttps:\/\/francoisecauwel.com\/wp-content\/uploads\/2020\/01\/section-bg-circle-left3.png\u00a0\u00bb custom_margin=\u00a0\u00bb|||\u00a0\u00bb custom_padding=\u00a0\u00bb90px||180px|\u00a0\u00bb][et_pb_row _builder_version=\u00a0\u00bb4.1&Prime;][et_pb_column type=\u00a0\u00bb4_4&Prime; _builder_version=\u00a0\u00bb4.1&Prime;][\/et_pb_column][\/et_pb_row][\/et_pb_section][et_pb_section fb_built=\u00a0\u00bb1&Prime; admin_label=\u00a0\u00bbFooter Section\u00a0\u00bb _builder_version=\u00a0\u00bb3.22&Prime; custom_padding=\u00a0\u00bb90px||90px|\u00a0\u00bb saved_tabs=\u00a0\u00bball\u00a0\u00bb][et_pb_row column_structure=\u00a0\u00bb1_3,1_3,1_3&Prime; admin_label=\u00a0\u00bbFooter Area\u00a0\u00bb _builder_version=\u00a0\u00bb3.25&Prime;][et_pb_column type=\u00a0\u00bb1_3&Prime; _builder_version=\u00a0\u00bb3.25&Prime; custom_padding=\u00a0\u00bb|||\u00a0\u00bb custom_padding__hover=\u00a0\u00bb|||\u00a0\u00bb][et_pb_text admin_label=\u00a0\u00bbTitle\u00a0\u00bb _builder_version=\u00a0\u00bb3.27.4&Prime; text_font=\u00a0\u00bbPoppins||||||||\u00a0\u00bb text_font_size=\u00a0\u00bb16px\u00a0\u00bb text_line_height=\u00a0\u00bb1.8em\u00a0\u00bb header_font=\u00a0\u00bb||||||||\u00a0\u00bb header_2_font=\u00a0\u00bbPoppins|600|||||||\u00a0\u00bb header_2_font_size=\u00a0\u00bb22px\u00a0\u00bb header_2_line_height=\u00a0\u00bb1.5em\u00a0\u00bb custom_margin=\u00a0\u00bb||20px|\u00a0\u00bb animation_style=\u00a0\u00bbfade\u00a0\u00bb animation_direction=\u00a0\u00bbtop\u00a0\u00bb animation_starting_opacity=\u00a0\u00bb100%\u00a0\u00bb]<h2>Contactez-nous<\/h2>\n<p>36, rue Jacques de la Roque, 13100 Aix-en-Provence<\/p>\n<p>(+33) 06 88 08 66 32<\/p>\n<p>contact@francoisecauwel.com<\/p>[\/et_pb_text][\/et_pb_column][et_pb_column type=\u00a0\u00bb1_3&Prime; _builder_version=\u00a0\u00bb3.25&Prime; custom_padding=\u00a0\u00bb|||\u00a0\u00bb custom_padding__hover=\u00a0\u00bb|||\u00a0\u00bb][et_pb_text admin_label=\u00a0\u00bbTitle\u00a0\u00bb _builder_version=\u00a0\u00bb3.27.4&Prime; text_font=\u00a0\u00bbPoppins||||||||\u00a0\u00bb text_font_size=\u00a0\u00bb16px\u00a0\u00bb text_line_height=\u00a0\u00bb1.8em\u00a0\u00bb header_font=\u00a0\u00bb||||||||\u00a0\u00bb header_2_font=\u00a0\u00bbPoppins|600|||||||\u00a0\u00bb header_2_font_size=\u00a0\u00bb22px\u00a0\u00bb header_2_line_height=\u00a0\u00bb1.5em\u00a0\u00bb custom_margin=\u00a0\u00bb||20px|\u00a0\u00bb animation_style=\u00a0\u00bbfade\u00a0\u00bb animation_direction=\u00a0\u00bbtop\u00a0\u00bb animation_starting_opacity=\u00a0\u00bb100%\u00a0\u00bb locked=\u00a0\u00bboff\u00a0\u00bb]<h2>Suivez-nous<\/h2>[\/et_pb_text][et_pb_social_media_follow _builder_version=\u00a0\u00bb3.0.95&Prime; text_orientation=\u00a0\u00bbleft\u00a0\u00bb][et_pb_social_media_follow_network social_network=\u00a0\u00bbfacebook\u00a0\u00bb _builder_version=\u00a0\u00bb3.0.95&Prime; background_color=\u00a0\u00bb#fe3d73&Prime; custom_margin=\u00a0\u00bb|||\u00a0\u00bb custom_padding=\u00a0\u00bb6px|6px|6px|6px\u00a0\u00bb follow_button=\u00a0\u00bboff\u00a0\u00bb url_new_window=\u00a0\u00bbon\u00a0\u00bb]facebook[\/et_pb_social_media_follow_network][et_pb_social_media_follow_network social_network=\u00a0\u00bbtwitter\u00a0\u00bb _builder_version=\u00a0\u00bb3.0.95&Prime; background_color=\u00a0\u00bb#fe3d73&Prime; custom_margin=\u00a0\u00bb|||\u00a0\u00bb custom_padding=\u00a0\u00bb6px|6px|6px|6px\u00a0\u00bb follow_button=\u00a0\u00bboff\u00a0\u00bb url_new_window=\u00a0\u00bbon\u00a0\u00bb]twitter[\/et_pb_social_media_follow_network][et_pb_social_media_follow_network social_network=\u00a0\u00bbgoogle-plus\u00a0\u00bb _builder_version=\u00a0\u00bb3.0.95&Prime; background_color=\u00a0\u00bb#fe3d73&Prime; custom_margin=\u00a0\u00bb|||\u00a0\u00bb custom_padding=\u00a0\u00bb6px|6px|6px|6px\u00a0\u00bb follow_button=\u00a0\u00bboff\u00a0\u00bb url_new_window=\u00a0\u00bbon\u00a0\u00bb]google-plus[\/et_pb_social_media_follow_network][et_pb_social_media_follow_network social_network=\u00a0\u00bbpinterest\u00a0\u00bb _builder_version=\u00a0\u00bb3.0.95&Prime; background_color=\u00a0\u00bb#fe3d73&Prime; custom_margin=\u00a0\u00bb|||\u00a0\u00bb custom_padding=\u00a0\u00bb6px|6px|6px|6px\u00a0\u00bb follow_button=\u00a0\u00bboff\u00a0\u00bb url_new_window=\u00a0\u00bbon\u00a0\u00bb]pinterest[\/et_pb_social_media_follow_network][et_pb_social_media_follow_network social_network=\u00a0\u00bblinkedin\u00a0\u00bb _builder_version=\u00a0\u00bb3.0.95&Prime; background_color=\u00a0\u00bb#fe3d73&Prime; custom_margin=\u00a0\u00bb|||\u00a0\u00bb custom_padding=\u00a0\u00bb6px|6px|6px|6px\u00a0\u00bb follow_button=\u00a0\u00bboff\u00a0\u00bb url_new_window=\u00a0\u00bbon\u00a0\u00bb]linkedin[\/et_pb_social_media_follow_network][et_pb_social_media_follow_network social_network=\u00a0\u00bbinstagram\u00a0\u00bb _builder_version=\u00a0\u00bb3.0.95&Prime; background_color=\u00a0\u00bb#fe3d73&Prime; custom_margin=\u00a0\u00bb|||\u00a0\u00bb custom_padding=\u00a0\u00bb6px|6px|6px|6px\u00a0\u00bb follow_button=\u00a0\u00bboff\u00a0\u00bb url_new_window=\u00a0\u00bbon\u00a0\u00bb]instagram[\/et_pb_social_media_follow_network][\/et_pb_social_media_follow][et_pb_text admin_label=\u00a0\u00bbTitle\u00a0\u00bb _builder_version=\u00a0\u00bb3.27.4&Prime; text_font=\u00a0\u00bbPoppins||||||||\u00a0\u00bb text_font_size=\u00a0\u00bb16px\u00a0\u00bb text_line_height=\u00a0\u00bb1.8em\u00a0\u00bb header_font=\u00a0\u00bb||||||||\u00a0\u00bb header_2_font=\u00a0\u00bbPoppins|600|||||||\u00a0\u00bb header_2_font_size=\u00a0\u00bb22px\u00a0\u00bb header_2_line_height=\u00a0\u00bb1.5em\u00a0\u00bb custom_margin=\u00a0\u00bb||20px|\u00a0\u00bb animation_style=\u00a0\u00bbfade\u00a0\u00bb animation_direction=\u00a0\u00bbtop\u00a0\u00bb animation_starting_opacity=\u00a0\u00bb100%\u00a0\u00bb]<h2>Boutique<\/h2>\n<p><span style=\"font-size: 16px;\">Visitez la <a href=\"https:\/\/francoisecauwel.com\/index.php\/la-boutique\/\">boutique en ligne<\/a> (bient\u00f4t&#8230;)<\/span><\/p>[\/et_pb_text][\/et_pb_column][et_pb_column type=\u00a0\u00bb1_3&Prime; _builder_version=\u00a0\u00bb3.25&Prime; custom_padding=\u00a0\u00bb|||\u00a0\u00bb custom_padding__hover=\u00a0\u00bb|||\u00a0\u00bb][et_pb_signup mailchimp_list=\u00a0\u00bbSlavaET|03dac884f0&Prime; first_name_field=\u00a0\u00bboff\u00a0\u00bb last_name_field=\u00a0\u00bboff\u00a0\u00bb title=\u00a0\u00bbNewsletter\u00a0\u00bb description=\u00a0\u00bb<\/p>\n<p>Laissez-nous votre meilleur email ci-dessous et recevez mes commentaires sur l&rsquo;actualit\u00e9 plitique aixoise. <\/p>\n<p>\u00a0\u00bb _builder_version=\u00a0\u00bb4.1&Prime; header_font=\u00a0\u00bbPoppins|600|||||||\u00a0\u00bb header_font_size=\u00a0\u00bb22px\u00a0\u00bb header_line_height=\u00a0\u00bb1.4em\u00a0\u00bb body_font=\u00a0\u00bbPoppins||||||||\u00a0\u00bb body_font_size=\u00a0\u00bb16px\u00a0\u00bb body_line_height=\u00a0\u00bb1.8em\u00a0\u00bb result_message_font=\u00a0\u00bb||||||||\u00a0\u00bb use_background_color=\u00a0\u00bboff\u00a0\u00bb custom_button=\u00a0\u00bbon\u00a0\u00bb button_text_size=\u00a0\u00bb14px\u00a0\u00bb button_text_color=\u00a0\u00bb#ffffff\u00a0\u00bb button_bg_color=\u00a0\u00bb#8b20bb\u00a0\u00bb button_border_width=\u00a0\u00bb8px\u00a0\u00bb button_border_color=\u00a0\u00bb#8b20bb\u00a0\u00bb button_letter_spacing=\u00a0\u00bb2px\u00a0\u00bb button_font=\u00a0\u00bbPoppins|600||on|||||\u00a0\u00bb button_icon=\u00a0\u00bb%%3%%\u00a0\u00bb background_layout=\u00a0\u00bblight\u00a0\u00bb custom_margin=\u00a0\u00bb|||\u00a0\u00bb custom_padding=\u00a0\u00bb|||\u00a0\u00bb animation_style=\u00a0\u00bbfade\u00a0\u00bb box_shadow_style_fields=\u00a0\u00bbpreset1&Prime; box_shadow_vertical_fields=\u00a0\u00bb0px\u00a0\u00bb box_shadow_blur_fields=\u00a0\u00bb0px\u00a0\u00bb box_shadow_spread_fields=\u00a0\u00bb1px\u00a0\u00bb box_shadow_color_fields=\u00a0\u00bbrgba(0,0,0,0.12)\u00a0\u00bb locked=\u00a0\u00bboff\u00a0\u00bb button_text_size__hover_enabled=\u00a0\u00bboff\u00a0\u00bb button_one_text_size__hover_enabled=\u00a0\u00bboff\u00a0\u00bb button_two_text_size__hover_enabled=\u00a0\u00bboff\u00a0\u00bb button_text_color__hover_enabled=\u00a0\u00bboff\u00a0\u00bb button_one_text_color__hover_enabled=\u00a0\u00bboff\u00a0\u00bb button_two_text_color__hover_enabled=\u00a0\u00bboff\u00a0\u00bb button_border_width__hover_enabled=\u00a0\u00bboff\u00a0\u00bb button_one_border_width__hover_enabled=\u00a0\u00bboff\u00a0\u00bb button_two_border_width__hover_enabled=\u00a0\u00bboff\u00a0\u00bb button_border_color__hover_enabled=\u00a0\u00bboff\u00a0\u00bb button_one_border_color__hover_enabled=\u00a0\u00bboff\u00a0\u00bb button_two_border_color__hover_enabled=\u00a0\u00bboff\u00a0\u00bb button_border_radius__hover_enabled=\u00a0\u00bboff\u00a0\u00bb button_one_border_radius__hover_enabled=\u00a0\u00bboff\u00a0\u00bb button_two_border_radius__hover_enabled=\u00a0\u00bboff\u00a0\u00bb button_letter_spacing__hover_enabled=\u00a0\u00bboff\u00a0\u00bb button_one_letter_spacing__hover_enabled=\u00a0\u00bboff\u00a0\u00bb button_two_letter_spacing__hover_enabled=\u00a0\u00bboff\u00a0\u00bb button_bg_color__hover_enabled=\u00a0\u00bboff\u00a0\u00bb button_one_bg_color__hover_enabled=\u00a0\u00bboff\u00a0\u00bb button_two_bg_color__hover_enabled=\u00a0\u00bboff\u00a0\u00bb]<p>Lorem Ipsum available but the majority have suffered alteration.<\/p>[\/et_pb_signup][\/et_pb_column][\/et_pb_row][\/et_pb_section]","protected":false},"excerpt":{"rendered":"<p>Participez \u00e0 nos Actions Seul l&rsquo;homme n&rsquo;est rien. Joignons nos forces, conjuguons nos id\u00e9es pour que notre action commune soit r\u00e9ellement porteuse de sens. Et si vous deveniez acteur de votre ville, de votre pays, de votre vie ? Comme moi lorsque j&rsquo;ai fait le choix, bien que m\u00e8re de famille combl\u00e9e et architecte de [&hellip;]<\/p>\n","protected":false},"author":2,"featured_media":0,"parent":0,"menu_order":0,"comment_status":"closed","ping_status":"closed","template":"","meta":{"_et_pb_use_builder":"on","_et_pb_old_content":"<!-- wp:paragraph -->\n<p>Et si vous deveniez acteur de votre ville, de votre pays, de votre vie ? Comme moi lorsque j'ai fait le choix, bien que m\u00e8re de famille combl\u00e9e et architecte de m\u00e9tier, d'embrasser le d\u00e9bat d'id\u00e9es et de projets...<\/p>\n<!-- \/wp:paragraph -->\n\n<!-- wp:paragraph -->\n<p><strong>Vous pouvez agir, participer et m\u00eame m'aider de nombreuses fa\u00e7ons.<\/strong><\/p>\n<!-- \/wp:paragraph -->\n\n<!-- wp:heading -->\n<h2><strong>Rejoignez mon Comit\u00e9 de Confiance <\/strong><\/h2>\n<!-- \/wp:heading -->\n\n<!-- wp:paragraph -->\n<p><strong>Rejoignez mon Comit\u00e9 de Confiance et t\u00e9moignez de votre soutien pour mon action citoyenne et politique au quotidien<\/strong><\/p>\n<!-- \/wp:paragraph -->\n\n<!-- wp:heading -->\n<h2><strong>Rejoignez \"l'\u00e9thique plut\u00f4t que l'\u00e9tiquette\"<\/strong><\/h2>\n<!-- \/wp:heading -->\n\n<!-- wp:paragraph -->\n<p><strong>Rejoignez le mouvement \"l'\u00e9thique plut\u00f4t que l'\u00e9tiquette\" <\/strong>que j'ai cr\u00e9\u00e9 en 2015 et qui compte aujourd'hui plus de 2400 membres dans l'Europe enti\u00e8re.<\/p>\n<!-- \/wp:paragraph -->\n\n<!-- wp:paragraph -->\n<p>Pour en savoir plus, c'est ICI.<\/p>\n<!-- \/wp:paragraph -->\n\n<!-- wp:paragraph -->\n<p>Et pour adh\u00e9rer (gratuitement), <a rel=\"noreferrer noopener\" aria-label=\"c'est par LA (s\u2019ouvre dans un nouvel onglet)\" href=\"http:\/\/www.lethiqueplutotqueletiquette.com\/adherer-au-mouvement\" target=\"_blank\">c'est par LA<\/a>.<\/p>\n<!-- \/wp:paragraph -->\n\n<!-- wp:paragraph -->\n<p>Et enfin, vous pouvez m\u00eame nous aider en vous habillant de beau en achetant nos goodies sur <a href=\"#\" target=\"_blank\" rel=\"noreferrer noopener\" aria-label=\"la boutique &quot;l'\u00e9thique plut\u00f4t que l'\u00e9tiquette&quot; (s\u2019ouvre dans un nouvel onglet)\">la boutique \"l'\u00e9thique plut\u00f4t que l'\u00e9tiquette\"<\/a> (EN COURS DE CREATION).<\/p>\n<!-- \/wp:paragraph -->","_et_gb_content_width":""},"_links":{"self":[{"href":"https:\/\/francoisecauwel.com\/index.php\/wp-json\/wp\/v2\/pages\/50164"}],"collection":[{"href":"https:\/\/francoisecauwel.com\/index.php\/wp-json\/wp\/v2\/pages"}],"about":[{"href":"https:\/\/francoisecauwel.com\/index.php\/wp-json\/wp\/v2\/types\/page"}],"author":[{"embeddable":true,"href":"https:\/\/francoisecauwel.com\/index.php\/wp-json\/wp\/v2\/users\/2"}],"replies":[{"embeddable":true,"href":"https:\/\/francoisecauwel.com\/index.php\/wp-json\/wp\/v2\/comments?post=50164"}],"version-history":[{"count":0,"href":"https:\/\/francoisecauwel.com\/index.php\/wp-json\/wp\/v2\/pages\/50164\/revisions"}],"wp:attachment":[{"href":"https:\/\/francoisecauwel.com\/index.php\/wp-json\/wp\/v2\/media?parent=50164"}],"curies":[{"name":"wp","href":"https:\/\/api.w.org\/{rel}","templated":true}]}}